{"id":8719,"date":"2023-09-14T13:21:57","date_gmt":"2023-09-14T11:21:57","guid":{"rendered":"https:\/\/www.ultimateprovence.com\/?page_id=8719"},"modified":"2025-10-02T12:26:15","modified_gmt":"2025-10-02T10:26:15","slug":"activities","status":"publish","type":"page","link":"https:\/\/www.ultimateprovence.com\/en\/activites\/","title":{"rendered":"Activities"},"content":{"rendered":"<div data-elementor-type=\"wp-page\" data-elementor-id=\"8719\" class=\"elementor elementor-8719\" data-elementor-post-type=\"page\">\n\t\t\t\t\t\t<section class=\"elementor-section elementor-top-section elementor-element elementor-element-6471b70 elementor-section-full_width elementor-section-height-min-height elementor-section-items-bottom elementor-section-content-bottom animated-slow elementor-section-height-default elementor-invisible\" data-id=\"6471b70\" data-element_type=\"section\" data-e-type=\"section\" data-settings=\"{&quot;background_background&quot;:&quot;classic&quot;,&quot;animation&quot;:&quot;fadeIn&quot;,&quot;animation_delay&quot;:5,&quot;ekit_has_onepagescroll_dot&quot;:&quot;yes&quot;}\">\n\t\t\t\t\t\t<div class=\"elementor-container elementor-column-gap-default\">\n\t\t\t\t\t<div class=\"elementor-column elementor-col-100 elementor-top-column elementor-element elementor-element-23e1c96\" data-id=\"23e1c96\" data-element_type=\"column\" data-e-type=\"column\" data-settings=\"{&quot;background_background&quot;:&quot;classic&quot;}\">\n\t\t\t<div class=\"elementor-widget-wrap elementor-element-populated\">\n\t\t\t\t\t\t<section class=\"elementor-section elementor-inner-section elementor-element elementor-element-0583bc8 elementor-section-boxed elementor-section-height-default elementor-section-height-default\" data-id=\"0583bc8\" data-element_type=\"section\" data-e-type=\"section\" data-settings=\"{&quot;ekit_has_onepagescroll_dot&quot;:&quot;yes&quot;}\">\n\t\t\t\t\t\t<div class=\"elementor-container elementor-column-gap-default\">\n\t\t\t\t\t<div class=\"elementor-column elementor-col-100 elementor-inner-column elementor-element elementor-element-ef706b9 animated-fast elementor-invisible\" data-id=\"ef706b9\" data-element_type=\"column\" data-e-type=\"column\" data-settings=\"{&quot;animation&quot;:&quot;fadeInUp&quot;}\">\n\t\t\t<div class=\"elementor-widget-wrap elementor-element-populated\">\n\t\t\t\t\t\t<div class=\"elementor-element elementor-element-c8e3164 elementor-widget elementor-widget-heading\" data-id=\"c8e3164\" data-element_type=\"widget\" data-e-type=\"widget\" data-settings=\"{&quot;ekit_we_effect_on&quot;:&quot;none&quot;}\" data-widget_type=\"heading.default\">\n\t\t\t\t<div class=\"elementor-widget-container\">\n\t\t\t\t\t<div class=\"elementor-heading-title elementor-size-default\">ACTIVITIES<\/div>\t\t\t\t<\/div>\n\t\t\t\t<\/div>\n\t\t\t\t<div class=\"elementor-element elementor-element-4b21fed elementor-widget elementor-widget-heading\" data-id=\"4b21fed\" data-element_type=\"widget\" data-e-type=\"widget\" data-settings=\"{&quot;ekit_we_effect_on&quot;:&quot;none&quot;}\" data-widget_type=\"heading.default\">\n\t\t\t\t<div class=\"elementor-widget-container\">\n\t\t\t\t\t<h1 class=\"elementor-heading-title elementor-size-default\">OUR ACTIVITIES IN THE HEART OF THE PLAINE DES MAURES NATURE RESERVE.<\/h1>\t\t\t\t<\/div>\n\t\t\t\t<\/div>\n\t\t\t\t<div class=\"elementor-element elementor-element-7048a9e elementor-hidden-mobile elementor-widget elementor-widget-text-editor\" data-id=\"7048a9e\" data-element_type=\"widget\" data-e-type=\"widget\" data-settings=\"{&quot;ekit_we_effect_on&quot;:&quot;none&quot;}\" data-widget_type=\"text-editor.default\">\n\t\t\t\t<div class=\"elementor-widget-container\">\n\t\t\t\t\t\t\t\t\t<p>We offer a variety of experiences to help you recharge your batteries and live the Provencal lifestyle to the full.\u00a0<\/p>\t\t\t\t\t\t\t\t<\/div>\n\t\t\t\t<\/div>\n\t\t\t\t\t<\/div>\n\t\t<\/div>\n\t\t\t\t\t<\/div>\n\t\t<\/section>\n\t\t\t\t\t<\/div>\n\t\t<\/div>\n\t\t\t\t\t<\/div>\n\t\t<\/section>\n\t\t\t\t<section class=\"elementor-section elementor-top-section elementor-element elementor-element-a05308b elementor-section-boxed elementor-section-height-default elementor-section-height-default\" data-id=\"a05308b\" data-element_type=\"section\" data-e-type=\"section\" data-settings=\"{&quot;ekit_has_onepagescroll_dot&quot;:&quot;yes&quot;}\">\n\t\t\t\t\t\t<div class=\"elementor-container elementor-column-gap-default\">\n\t\t\t\t\t<div class=\"elementor-column elementor-col-25 elementor-top-column elementor-element elementor-element-8344672\" data-id=\"8344672\" data-element_type=\"column\" data-e-type=\"column\">\n\t\t\t<div class=\"elementor-widget-wrap elementor-element-populated\">\n\t\t\t\t\t\t<section class=\"elementor-section elementor-inner-section elementor-element elementor-element-efa9c19 elementor-section-boxed elementor-section-height-default elementor-section-height-default\" data-id=\"efa9c19\" data-element_type=\"section\" data-e-type=\"section\" data-settings=\"{&quot;ekit_has_onepagescroll_dot&quot;:&quot;yes&quot;}\">\n\t\t\t\t\t\t<div class=\"elementor-container elementor-column-gap-default\">\n\t\t\t\t\t<div class=\"elementor-column elementor-col-100 elementor-inner-column elementor-element elementor-element-6ed9780\" data-id=\"6ed9780\" data-element_type=\"column\" data-e-type=\"column\">\n\t\t\t<div class=\"elementor-widget-wrap elementor-element-populated\">\n\t\t\t\t\t\t<div class=\"elementor-element elementor-element-eb210ed elementor-widget__width-initial elementor-widget-laptop__width-initial elementor-widget elementor-widget-heading\" data-id=\"eb210ed\" data-element_type=\"widget\" data-e-type=\"widget\" data-settings=\"{&quot;ekit_we_effect_on&quot;:&quot;none&quot;}\" data-widget_type=\"heading.default\">\n\t\t\t\t<div class=\"elementor-widget-container\">\n\t\t\t\t\t<h2 class=\"elementor-heading-title elementor-size-default\">WELLNESS AREA<\/h2>\t\t\t\t<\/div>\n\t\t\t\t<\/div>\n\t\t\t\t<div class=\"elementor-element elementor-element-29450f5 elementor-widget elementor-widget-spacer\" data-id=\"29450f5\" data-element_type=\"widget\" data-e-type=\"widget\" data-settings=\"{&quot;ekit_we_effect_on&quot;:&quot;none&quot;}\" data-widget_type=\"spacer.default\">\n\t\t\t\t<div class=\"elementor-widget-container\">\n\t\t\t\t\t\t\t<div class=\"elementor-spacer\">\n\t\t\t<div class=\"elementor-spacer-inner\"><\/div>\n\t\t<\/div>\n\t\t\t\t\t\t<\/div>\n\t\t\t\t<\/div>\n\t\t\t\t<div class=\"elementor-element elementor-element-88b0609 elementor-widget elementor-widget-button\" data-id=\"88b0609\" data-element_type=\"widget\" data-e-type=\"widget\" data-settings=\"{&quot;ekit_we_effect_on&quot;:&quot;none&quot;}\" data-widget_type=\"button.default\">\n\t\t\t\t<div class=\"elementor-widget-container\">\n\t\t\t\t\t\t\t\t\t<div class=\"elementor-button-wrapper\">\n\t\t\t\t\t<a class=\"elementor-button elementor-button-link elementor-size-sm\" href=\"https:\/\/www.ultimateprovence.com\/en\/hotel-spa-var\/\">\n\t\t\t\t\t\t<span class=\"elementor-button-content-wrapper\">\n\t\t\t\t\t\t\t\t\t<span class=\"elementor-button-text\">Read more<\/span>\n\t\t\t\t\t<\/span>\n\t\t\t\t\t<\/a>\n\t\t\t\t<\/div>\n\t\t\t\t\t\t\t\t<\/div>\n\t\t\t\t<\/div>\n\t\t\t\t\t<\/div>\n\t\t<\/div>\n\t\t\t\t\t<\/div>\n\t\t<\/section>\n\t\t\t\t\t<\/div>\n\t\t<\/div>\n\t\t\t\t<div class=\"elementor-column elementor-col-25 elementor-top-column elementor-element elementor-element-191a8d7\" data-id=\"191a8d7\" data-element_type=\"column\" data-e-type=\"column\">\n\t\t\t<div class=\"elementor-widget-wrap elementor-element-populated\">\n\t\t\t\t\t\t<div class=\"elementor-element elementor-element-13ba4b0 elementor-widget elementor-widget-text-editor\" data-id=\"13ba4b0\" data-element_type=\"widget\" data-e-type=\"widget\" data-settings=\"{&quot;ekit_we_effect_on&quot;:&quot;none&quot;}\" data-widget_type=\"text-editor.default\">\n\t\t\t\t<div class=\"elementor-widget-container\">\n\t\t\t\t\t\t\t\t\t<p>Surrounded by vines and ancient olive trees, in a place steeped in history, let yourself be carried away by the forces of nature to recharge your batteries and enjoy the benefits of the treatments offered by our experts.<\/p><p>Seasonal closure - reopening April 2026\u00a0<\/p><p><span style=\"font-weight: bolder;\">04 94 85 29 10<\/span><br \/><span style=\"font-weight: bolder;\">spa@ultimateprovence.com<\/span><\/p><p><em>Subject to availability<\/em><span style=\"font-weight: bolder;\"><br \/><\/span><\/p>\t\t\t\t\t\t\t\t<\/div>\n\t\t\t\t<\/div>\n\t\t\t\t\t<\/div>\n\t\t<\/div>\n\t\t\t\t<div class=\"elementor-column elementor-col-50 elementor-top-column elementor-element elementor-element-2f135e4\" data-id=\"2f135e4\" data-element_type=\"column\" data-e-type=\"column\">\n\t\t\t<div class=\"elementor-widget-wrap elementor-element-populated\">\n\t\t\t\t\t\t<div class=\"elementor-element elementor-element-fc41978 elementor-widget elementor-widget-image\" data-id=\"fc41978\" data-element_type=\"widget\" data-e-type=\"widget\" data-settings=\"{&quot;ekit_we_effect_on&quot;:&quot;none&quot;}\" data-widget_type=\"image.default\">\n\t\t\t\t<div class=\"elementor-widget-container\">\n\t\t\t\t\t\t\t\t\t\t\t\t\t\t\t<img fetchpriority=\"high\" decoding=\"async\" width=\"683\" height=\"1024\" src=\"https:\/\/www.ultimateprovence.com\/wp-content\/uploads\/2024\/07\/19-ULT1-683x1024.jpg\" class=\"attachment-large size-large wp-image-13046\" alt=\"\" srcset=\"https:\/\/www.ultimateprovence.com\/wp-content\/uploads\/2024\/07\/19-ULT1-683x1024.jpg 683w, https:\/\/www.ultimateprovence.com\/wp-content\/uploads\/2024\/07\/19-ULT1-200x300.jpg 200w, https:\/\/www.ultimateprovence.com\/wp-content\/uploads\/2024\/07\/19-ULT1-768x1152.jpg 768w, https:\/\/www.ultimateprovence.com\/wp-content\/uploads\/2024\/07\/19-ULT1-1024x1536.jpg 1024w, https:\/\/www.ultimateprovence.com\/wp-content\/uploads\/2024\/07\/19-ULT1-1365x2048.jpg 1365w, https:\/\/www.ultimateprovence.com\/wp-content\/uploads\/2024\/07\/19-ULT1-8x12.jpg 8w, https:\/\/www.ultimateprovence.com\/wp-content\/uploads\/2024\/07\/19-ULT1-scaled.jpg 1707w\" sizes=\"(max-width: 683px) 100vw, 683px\" \/>\t\t\t\t\t\t\t\t\t\t\t\t\t\t\t<\/div>\n\t\t\t\t<\/div>\n\t\t\t\t\t<\/div>\n\t\t<\/div>\n\t\t\t\t\t<\/div>\n\t\t<\/section>\n\t\t\t\t<section class=\"elementor-section elementor-top-section elementor-element elementor-element-e9a4e9e elementor-section-boxed elementor-section-height-default elementor-section-height-default\" data-id=\"e9a4e9e\" data-element_type=\"section\" data-e-type=\"section\" data-settings=\"{&quot;ekit_has_onepagescroll_dot&quot;:&quot;yes&quot;}\">\n\t\t\t\t\t\t<div class=\"elementor-container elementor-column-gap-default\">\n\t\t\t\t\t<div class=\"elementor-column elementor-col-50 elementor-top-column elementor-element elementor-element-ee99fc6\" data-id=\"ee99fc6\" data-element_type=\"column\" data-e-type=\"column\">\n\t\t\t<div class=\"elementor-widget-wrap elementor-element-populated\">\n\t\t\t\t\t\t<div class=\"elementor-element elementor-element-428d472 elementor-widget elementor-widget-image\" data-id=\"428d472\" data-element_type=\"widget\" data-e-type=\"widget\" data-settings=\"{&quot;ekit_we_effect_on&quot;:&quot;none&quot;}\" data-widget_type=\"image.default\">\n\t\t\t\t<div class=\"elementor-widget-container\">\n\t\t\t\t\t\t\t\t\t\t\t\t\t\t\t<img decoding=\"async\" width=\"683\" height=\"1024\" src=\"https:\/\/www.ultimateprovence.com\/wp-content\/uploads\/2024\/07\/12-ULT1-1-683x1024.jpg\" class=\"attachment-large size-large wp-image-13055\" alt=\"\" srcset=\"https:\/\/www.ultimateprovence.com\/wp-content\/uploads\/2024\/07\/12-ULT1-1-683x1024.jpg 683w, https:\/\/www.ultimateprovence.com\/wp-content\/uploads\/2024\/07\/12-ULT1-1-200x300.jpg 200w, https:\/\/www.ultimateprovence.com\/wp-content\/uploads\/2024\/07\/12-ULT1-1-768x1151.jpg 768w, https:\/\/www.ultimateprovence.com\/wp-content\/uploads\/2024\/07\/12-ULT1-1-1025x1536.jpg 1025w, https:\/\/www.ultimateprovence.com\/wp-content\/uploads\/2024\/07\/12-ULT1-1-1366x2048.jpg 1366w, https:\/\/www.ultimateprovence.com\/wp-content\/uploads\/2024\/07\/12-ULT1-1-8x12.jpg 8w, https:\/\/www.ultimateprovence.com\/wp-content\/uploads\/2024\/07\/12-ULT1-1-scaled.jpg 1708w\" sizes=\"(max-width: 683px) 100vw, 683px\" \/>\t\t\t\t\t\t\t\t\t\t\t\t\t\t\t<\/div>\n\t\t\t\t<\/div>\n\t\t\t\t\t<\/div>\n\t\t<\/div>\n\t\t\t\t<div class=\"elementor-column elementor-col-25 elementor-top-column elementor-element elementor-element-e1c6b14\" data-id=\"e1c6b14\" data-element_type=\"column\" data-e-type=\"column\">\n\t\t\t<div class=\"elementor-widget-wrap elementor-element-populated\">\n\t\t\t\t\t\t<div class=\"elementor-element elementor-element-3fb6273 elementor-widget elementor-widget-text-editor\" data-id=\"3fb6273\" data-element_type=\"widget\" data-e-type=\"widget\" data-settings=\"{&quot;ekit_we_effect_on&quot;:&quot;none&quot;}\" data-widget_type=\"text-editor.default\">\n\t\t\t\t<div class=\"elementor-widget-container\">\n\t\t\t\t\t\t\t\t\t<p>The Ultimate Provence Hotel offers you <span>that will delight sports and leisure enthusiasts alike: the <\/span>padel!&nbsp;<\/p>\n<p>Come and discover this exciting discipline in an exceptional natural setting.&nbsp;<\/p>\n<p>Seasonal closure - reopening April 2026&nbsp;<\/p>\n<p style=\"text-align: start;\"><span style=\"font-size: 14px;\"><span style=\"font-weight: bold;\">contact@ultimateprovence.com<\/span><\/span><\/p>\n<p style=\"text-align: start;\"><span style=\"font-size: 14px;\">04 94 85 29 10&nbsp;<\/span><\/p>\n<p style=\"text-align: start;\"><em style=\"color: var( --e-global-color-text ); font-family: var( --e-global-typography-text-font-family ), Sans-serif; font-weight: var( --e-global-typography-text-font-weight ); text-align: justify; font-size: 1rem;\">Subject to availability<\/em><\/p>\t\t\t\t\t\t\t\t<\/div>\n\t\t\t\t<\/div>\n\t\t\t\t\t<\/div>\n\t\t<\/div>\n\t\t\t\t<div class=\"elementor-column elementor-col-25 elementor-top-column elementor-element elementor-element-44c5fe9\" data-id=\"44c5fe9\" data-element_type=\"column\" data-e-type=\"column\">\n\t\t\t<div class=\"elementor-widget-wrap elementor-element-populated\">\n\t\t\t\t\t\t<section class=\"elementor-section elementor-inner-section elementor-element elementor-element-4c5669c elementor-section-boxed elementor-section-height-default elementor-section-height-default\" data-id=\"4c5669c\" data-element_type=\"section\" data-e-type=\"section\" data-settings=\"{&quot;ekit_has_onepagescroll_dot&quot;:&quot;yes&quot;}\">\n\t\t\t\t\t\t<div class=\"elementor-container elementor-column-gap-default\">\n\t\t\t\t\t<div class=\"elementor-column elementor-col-100 elementor-inner-column elementor-element elementor-element-ad22a14\" data-id=\"ad22a14\" data-element_type=\"column\" data-e-type=\"column\">\n\t\t\t<div class=\"elementor-widget-wrap elementor-element-populated\">\n\t\t\t\t\t\t<div class=\"elementor-element elementor-element-d133f06 elementor-widget__width-initial elementor-widget elementor-widget-heading\" data-id=\"d133f06\" data-element_type=\"widget\" data-e-type=\"widget\" data-settings=\"{&quot;ekit_we_effect_on&quot;:&quot;none&quot;}\" data-widget_type=\"heading.default\">\n\t\t\t\t<div class=\"elementor-widget-container\">\n\t\t\t\t\t<h2 class=\"elementor-heading-title elementor-size-default\">PADEL<\/h2>\t\t\t\t<\/div>\n\t\t\t\t<\/div>\n\t\t\t\t<div class=\"elementor-element elementor-element-0dbdaee elementor-widget elementor-widget-spacer\" data-id=\"0dbdaee\" data-element_type=\"widget\" data-e-type=\"widget\" data-settings=\"{&quot;ekit_we_effect_on&quot;:&quot;none&quot;}\" data-widget_type=\"spacer.default\">\n\t\t\t\t<div class=\"elementor-widget-container\">\n\t\t\t\t\t\t\t<div class=\"elementor-spacer\">\n\t\t\t<div class=\"elementor-spacer-inner\"><\/div>\n\t\t<\/div>\n\t\t\t\t\t\t<\/div>\n\t\t\t\t<\/div>\n\t\t\t\t\t<\/div>\n\t\t<\/div>\n\t\t\t\t\t<\/div>\n\t\t<\/section>\n\t\t\t\t\t<\/div>\n\t\t<\/div>\n\t\t\t\t\t<\/div>\n\t\t<\/section>\n\t\t\t\t<\/div>","protected":false},"excerpt":{"rendered":"<p>ACTIVIT\u00c9S NOS ACTIVIT\u00c9S AU C\u0152UR DE LA R\u00c9SERVE NATURELLE DE LA PLAINE DES MAURES. Nous vous offrons une vari\u00e9t\u00e9 d&rsquo;exp\u00e9riences pour vous permettre de vous ressourcer et de vivre pleinement le proven\u00e7al lifestyle.\u00a0 ESPACE BIEN-\u00caTRE En savoir plus Entre vignes et oliviers centenaires, dans un lieu empreint d\u2019histoire, laissez-vous porter par les forces de la [&hellip;]<\/p>\n","protected":false},"author":3,"featured_media":0,"parent":0,"menu_order":0,"comment_status":"closed","ping_status":"closed","template":"","meta":{"footnotes":""},"class_list":["post-8719","page","type-page","status-publish","hentry"],"_links":{"self":[{"href":"https:\/\/www.ultimateprovence.com\/en\/wp-json\/wp\/v2\/pages\/8719","targetHints":{"allow":["GET"]}}],"collection":[{"href":"https:\/\/www.ultimateprovence.com\/en\/wp-json\/wp\/v2\/pages"}],"about":[{"href":"https:\/\/www.ultimateprovence.com\/en\/wp-json\/wp\/v2\/types\/page"}],"author":[{"embeddable":true,"href":"https:\/\/www.ultimateprovence.com\/en\/wp-json\/wp\/v2\/users\/3"}],"replies":[{"embeddable":true,"href":"https:\/\/www.ultimateprovence.com\/en\/wp-json\/wp\/v2\/comments?post=8719"}],"version-history":[{"count":12,"href":"https:\/\/www.ultimateprovence.com\/en\/wp-json\/wp\/v2\/pages\/8719\/revisions"}],"predecessor-version":[{"id":13735,"href":"https:\/\/www.ultimateprovence.com\/en\/wp-json\/wp\/v2\/pages\/8719\/revisions\/13735"}],"wp:attachment":[{"href":"https:\/\/www.ultimateprovence.com\/en\/wp-json\/wp\/v2\/media?parent=8719"}],"curies":[{"name":"wp","href":"https:\/\/api.w.org\/{rel}","templated":true}]}}