{"id":401,"date":"2022-03-31T23:37:59","date_gmt":"2022-03-31T21:37:59","guid":{"rendered":"https:\/\/up.bluewave.fr\/?page_id=401"},"modified":"2024-09-20T16:40:50","modified_gmt":"2024-09-20T14:40:50","slug":"wine-provence","status":"publish","type":"page","link":"https:\/\/www.ultimateprovence.com\/en\/vignoble-provence\/vin-provence\/","title":{"rendered":"Our wines"},"content":{"rendered":"<div data-elementor-type=\"wp-page\" data-elementor-id=\"401\" class=\"elementor elementor-401\" data-elementor-post-type=\"page\">\n\t\t\t\t\t\t<section class=\"elementor-section elementor-top-section elementor-element elementor-element-5daf7c5 elementor-section-full_width elementor-section-height-min-height elementor-section-items-bottom elementor-section-content-bottom animated-slow elementor-section-height-default elementor-invisible\" data-id=\"5daf7c5\" data-element_type=\"section\" data-e-type=\"section\" data-settings=\"{&quot;background_background&quot;:&quot;classic&quot;,&quot;animation&quot;:&quot;fadeIn&quot;,&quot;animation_delay&quot;:5,&quot;ekit_has_onepagescroll_dot&quot;:&quot;yes&quot;}\">\n\t\t\t\t\t\t<div class=\"elementor-container elementor-column-gap-default\">\n\t\t\t\t\t<div class=\"elementor-column elementor-col-100 elementor-top-column elementor-element elementor-element-291712dd\" data-id=\"291712dd\" data-element_type=\"column\" data-e-type=\"column\" data-settings=\"{&quot;background_background&quot;:&quot;classic&quot;}\">\n\t\t\t<div class=\"elementor-widget-wrap elementor-element-populated\">\n\t\t\t\t\t\t<section class=\"elementor-section elementor-inner-section elementor-element elementor-element-589e517a elementor-section-boxed elementor-section-height-default elementor-section-height-default\" data-id=\"589e517a\" data-element_type=\"section\" data-e-type=\"section\" data-settings=\"{&quot;ekit_has_onepagescroll_dot&quot;:&quot;yes&quot;}\">\n\t\t\t\t\t\t<div class=\"elementor-container elementor-column-gap-default\">\n\t\t\t\t\t<div class=\"elementor-column elementor-col-100 elementor-inner-column elementor-element elementor-element-2ae10e86 animated-fast elementor-invisible\" data-id=\"2ae10e86\" data-element_type=\"column\" data-e-type=\"column\" data-settings=\"{&quot;animation&quot;:&quot;fadeInUp&quot;}\">\n\t\t\t<div class=\"elementor-widget-wrap elementor-element-populated\">\n\t\t\t\t\t\t<div class=\"elementor-element elementor-element-26359446 elementor-widget elementor-widget-heading\" data-id=\"26359446\" data-element_type=\"widget\" data-e-type=\"widget\" data-settings=\"{&quot;ekit_we_effect_on&quot;:&quot;none&quot;}\" data-widget_type=\"heading.default\">\n\t\t\t\t<div class=\"elementor-widget-container\">\n\t\t\t\t\t<div class=\"elementor-heading-title elementor-size-default\">AOP C\u00d4TES DE PROVENCE<\/div>\t\t\t\t<\/div>\n\t\t\t\t<\/div>\n\t\t\t\t<div class=\"elementor-element elementor-element-35aa26c4 elementor-widget elementor-widget-heading\" data-id=\"35aa26c4\" data-element_type=\"widget\" data-e-type=\"widget\" data-settings=\"{&quot;ekit_we_effect_on&quot;:&quot;none&quot;}\" data-widget_type=\"heading.default\">\n\t\t\t\t<div class=\"elementor-widget-container\">\n\t\t\t\t\t<h1 class=\"elementor-heading-title elementor-size-default\">OUR WINES<\/h1>\t\t\t\t<\/div>\n\t\t\t\t<\/div>\n\t\t\t\t<div class=\"elementor-element elementor-element-1bb887aa elementor-widget elementor-widget-text-editor\" data-id=\"1bb887aa\" data-element_type=\"widget\" data-e-type=\"widget\" data-settings=\"{&quot;ekit_we_effect_on&quot;:&quot;none&quot;}\" data-widget_type=\"text-editor.default\">\n\t\t\t\t<div class=\"elementor-widget-container\">\n\t\t\t\t\t\t\t\t\t<p>Discover a contemporary vision of the c\u00f4tes de Provence with Ultimate Provence.&nbsp;<\/p><p>In an exceptional bottle with a timeless design, Ultimate Provence ros\u00e9 reveals unprecedented freshness.<\/p>\t\t\t\t\t\t\t\t<\/div>\n\t\t\t\t<\/div>\n\t\t\t\t\t<\/div>\n\t\t<\/div>\n\t\t\t\t\t<\/div>\n\t\t<\/section>\n\t\t\t\t\t<\/div>\n\t\t<\/div>\n\t\t\t\t\t<\/div>\n\t\t<\/section>\n\t\t<div class=\"elementor-element elementor-element-9239f75 e-grid e-con-boxed e-con e-parent\" data-id=\"9239f75\" data-element_type=\"container\" data-e-type=\"container\" data-settings=\"{&quot;ekit_has_onepagescroll_dot&quot;:&quot;yes&quot;}\">\n\t\t\t\t\t<div class=\"e-con-inner\">\n\t\t<div class=\"elementor-element elementor-element-96c1b04 e-con-full e-flex e-con e-child\" data-id=\"96c1b04\" data-element_type=\"container\" data-e-type=\"container\" data-settings=\"{&quot;ekit_has_onepagescroll_dot&quot;:&quot;yes&quot;}\">\n\t\t\t\t<div class=\"elementor-element elementor-element-adcf03c elementor-widget elementor-widget-image\" data-id=\"adcf03c\" data-element_type=\"widget\" data-e-type=\"widget\" data-settings=\"{&quot;ekit_we_effect_on&quot;:&quot;none&quot;}\" data-widget_type=\"image.default\">\n\t\t\t\t<div class=\"elementor-widget-container\">\n\t\t\t\t\t\t\t\t\t\t\t\t\t\t\t<img fetchpriority=\"high\" decoding=\"async\" width=\"1708\" height=\"2560\" src=\"https:\/\/www.ultimateprovence.com\/wp-content\/uploads\/2024\/09\/2f32a839-e193-4426-ba9b-255dade367a3-1-scaled.jpg\" class=\"attachment-full size-full wp-image-13205\" alt=\"\" srcset=\"https:\/\/www.ultimateprovence.com\/wp-content\/uploads\/2024\/09\/2f32a839-e193-4426-ba9b-255dade367a3-1-scaled.jpg 1708w, https:\/\/www.ultimateprovence.com\/wp-content\/uploads\/2024\/09\/2f32a839-e193-4426-ba9b-255dade367a3-1-200x300.jpg 200w, https:\/\/www.ultimateprovence.com\/wp-content\/uploads\/2024\/09\/2f32a839-e193-4426-ba9b-255dade367a3-1-683x1024.jpg 683w, https:\/\/www.ultimateprovence.com\/wp-content\/uploads\/2024\/09\/2f32a839-e193-4426-ba9b-255dade367a3-1-768x1151.jpg 768w, https:\/\/www.ultimateprovence.com\/wp-content\/uploads\/2024\/09\/2f32a839-e193-4426-ba9b-255dade367a3-1-1025x1536.jpg 1025w, https:\/\/www.ultimateprovence.com\/wp-content\/uploads\/2024\/09\/2f32a839-e193-4426-ba9b-255dade367a3-1-1366x2048.jpg 1366w, https:\/\/www.ultimateprovence.com\/wp-content\/uploads\/2024\/09\/2f32a839-e193-4426-ba9b-255dade367a3-1-8x12.jpg 8w\" sizes=\"(max-width: 1708px) 100vw, 1708px\" \/>\t\t\t\t\t\t\t\t\t\t\t\t\t\t\t<\/div>\n\t\t\t\t<\/div>\n\t\t\t\t<div class=\"elementor-element elementor-element-4b07508 elementor-widget elementor-widget-spacer\" data-id=\"4b07508\" data-element_type=\"widget\" data-e-type=\"widget\" data-settings=\"{&quot;ekit_we_effect_on&quot;:&quot;none&quot;}\" data-widget_type=\"spacer.default\">\n\t\t\t\t<div class=\"elementor-widget-container\">\n\t\t\t\t\t\t\t<div class=\"elementor-spacer\">\n\t\t\t<div class=\"elementor-spacer-inner\"><\/div>\n\t\t<\/div>\n\t\t\t\t\t\t<\/div>\n\t\t\t\t<\/div>\n\t\t\t\t<div class=\"elementor-element elementor-element-3499f4d elementor-widget elementor-widget-heading\" data-id=\"3499f4d\" data-element_type=\"widget\" data-e-type=\"widget\" data-settings=\"{&quot;ekit_we_effect_on&quot;:&quot;none&quot;}\" data-widget_type=\"heading.default\">\n\t\t\t\t<div class=\"elementor-widget-container\">\n\t\t\t\t\t<h2 class=\"elementor-heading-title elementor-size-default\">ULTIMATE PROVENCE ROS\u00c9<\/h2>\t\t\t\t<\/div>\n\t\t\t\t<\/div>\n\t\t\t\t<div class=\"elementor-element elementor-element-26ee9f2 elementor-widget elementor-widget-spacer\" data-id=\"26ee9f2\" data-element_type=\"widget\" data-e-type=\"widget\" data-settings=\"{&quot;ekit_we_effect_on&quot;:&quot;none&quot;}\" data-widget_type=\"spacer.default\">\n\t\t\t\t<div class=\"elementor-widget-container\">\n\t\t\t\t\t\t\t<div class=\"elementor-spacer\">\n\t\t\t<div class=\"elementor-spacer-inner\"><\/div>\n\t\t<\/div>\n\t\t\t\t\t\t<\/div>\n\t\t\t\t<\/div>\n\t\t\t\t<div class=\"elementor-element elementor-element-12b7561 elementor-widget elementor-widget-text-editor\" data-id=\"12b7561\" data-element_type=\"widget\" data-e-type=\"widget\" data-settings=\"{&quot;ekit_we_effect_on&quot;:&quot;none&quot;}\" data-widget_type=\"text-editor.default\">\n\t\t\t\t<div class=\"elementor-widget-container\">\n\t\t\t\t\t\t\t\t\t<p><strong>Grape varieties<\/strong> : 30% Cinsault, 30% Grenache noir, 30% Syrah, 10% Rolle<\/p><p><strong>Terroir<\/strong> AOP C\u00f4tes de Provence<br \/><strong>Guard<\/strong> : Consume now or within 2 years<br \/><strong>Alcohol content<\/strong> : 12.5% Vol<\/p><p>Ultimate Provence ros\u00e9, the emblematic cuv\u00e9e of Provence, subtly blends grape varieties such as Syrah and Rolle. Its pale color, with coppery or silvery reflections, is the result of a meticulous process, from selection of the best juices to stabulation on lees.<\/p><p><strong>Winemaking<\/strong> Fermentation at 16-18\u00b0C preserves the aromas, followed by reduced ageing on lees before final blending. A contemporary ros\u00e9, combining fruitiness, floral nuances and spices.<\/p>\t\t\t\t\t\t\t\t<\/div>\n\t\t\t\t<\/div>\n\t\t\t\t<\/div>\n\t\t<div class=\"elementor-element elementor-element-c69db5b e-con-full e-flex e-con e-child\" data-id=\"c69db5b\" data-element_type=\"container\" data-e-type=\"container\" data-settings=\"{&quot;ekit_has_onepagescroll_dot&quot;:&quot;yes&quot;}\">\n\t\t\t\t<div class=\"elementor-element elementor-element-1c5f615 elementor-widget elementor-widget-image\" data-id=\"1c5f615\" data-element_type=\"widget\" data-e-type=\"widget\" data-settings=\"{&quot;ekit_we_effect_on&quot;:&quot;none&quot;}\" data-widget_type=\"image.default\">\n\t\t\t\t<div class=\"elementor-widget-container\">\n\t\t\t\t\t\t\t\t\t\t\t\t\t\t\t<img decoding=\"async\" width=\"1707\" height=\"2560\" src=\"https:\/\/www.ultimateprovence.com\/wp-content\/uploads\/2024\/09\/8-ULTIMATE-Provence-lifestyle-image-from-shoot-by-YesMore-Drinks-Marketing-Agency-tom@yesmorecreative.com_-scaled.jpg\" class=\"attachment-full size-full wp-image-13188\" alt=\"\" srcset=\"https:\/\/www.ultimateprovence.com\/wp-content\/uploads\/2024\/09\/8-ULTIMATE-Provence-lifestyle-image-from-shoot-by-YesMore-Drinks-Marketing-Agency-tom@yesmorecreative.com_-scaled.jpg 1707w, https:\/\/www.ultimateprovence.com\/wp-content\/uploads\/2024\/09\/8-ULTIMATE-Provence-lifestyle-image-from-shoot-by-YesMore-Drinks-Marketing-Agency-tom@yesmorecreative.com_-200x300.jpg 200w, https:\/\/www.ultimateprovence.com\/wp-content\/uploads\/2024\/09\/8-ULTIMATE-Provence-lifestyle-image-from-shoot-by-YesMore-Drinks-Marketing-Agency-tom@yesmorecreative.com_-683x1024.jpg 683w, https:\/\/www.ultimateprovence.com\/wp-content\/uploads\/2024\/09\/8-ULTIMATE-Provence-lifestyle-image-from-shoot-by-YesMore-Drinks-Marketing-Agency-tom@yesmorecreative.com_-768x1151.jpg 768w, https:\/\/www.ultimateprovence.com\/wp-content\/uploads\/2024\/09\/8-ULTIMATE-Provence-lifestyle-image-from-shoot-by-YesMore-Drinks-Marketing-Agency-tom@yesmorecreative.com_-1024x1536.jpg 1024w, https:\/\/www.ultimateprovence.com\/wp-content\/uploads\/2024\/09\/8-ULTIMATE-Provence-lifestyle-image-from-shoot-by-YesMore-Drinks-Marketing-Agency-tom@yesmorecreative.com_-1366x2048.jpg 1366w, https:\/\/www.ultimateprovence.com\/wp-content\/uploads\/2024\/09\/8-ULTIMATE-Provence-lifestyle-image-from-shoot-by-YesMore-Drinks-Marketing-Agency-tom@yesmorecreative.com_-8x12.jpg 8w\" sizes=\"(max-width: 1707px) 100vw, 1707px\" \/>\t\t\t\t\t\t\t\t\t\t\t\t\t\t\t<\/div>\n\t\t\t\t<\/div>\n\t\t\t\t<div class=\"elementor-element elementor-element-d410af5 elementor-widget elementor-widget-spacer\" data-id=\"d410af5\" data-element_type=\"widget\" data-e-type=\"widget\" data-settings=\"{&quot;ekit_we_effect_on&quot;:&quot;none&quot;}\" data-widget_type=\"spacer.default\">\n\t\t\t\t<div class=\"elementor-widget-container\">\n\t\t\t\t\t\t\t<div class=\"elementor-spacer\">\n\t\t\t<div class=\"elementor-spacer-inner\"><\/div>\n\t\t<\/div>\n\t\t\t\t\t\t<\/div>\n\t\t\t\t<\/div>\n\t\t\t\t<div class=\"elementor-element elementor-element-f8d87f8 elementor-widget elementor-widget-heading\" data-id=\"f8d87f8\" data-element_type=\"widget\" data-e-type=\"widget\" data-settings=\"{&quot;ekit_we_effect_on&quot;:&quot;none&quot;}\" data-widget_type=\"heading.default\">\n\t\t\t\t<div class=\"elementor-widget-container\">\n\t\t\t\t\t<h2 class=\"elementor-heading-title elementor-size-default\">ULTIMATE PROVENCE WHITE<\/h2>\t\t\t\t<\/div>\n\t\t\t\t<\/div>\n\t\t\t\t<div class=\"elementor-element elementor-element-a29dd8f elementor-widget elementor-widget-spacer\" data-id=\"a29dd8f\" data-element_type=\"widget\" data-e-type=\"widget\" data-settings=\"{&quot;ekit_we_effect_on&quot;:&quot;none&quot;}\" data-widget_type=\"spacer.default\">\n\t\t\t\t<div class=\"elementor-widget-container\">\n\t\t\t\t\t\t\t<div class=\"elementor-spacer\">\n\t\t\t<div class=\"elementor-spacer-inner\"><\/div>\n\t\t<\/div>\n\t\t\t\t\t\t<\/div>\n\t\t\t\t<\/div>\n\t\t\t\t<div class=\"elementor-element elementor-element-372ddb3 elementor-widget elementor-widget-text-editor\" data-id=\"372ddb3\" data-element_type=\"widget\" data-e-type=\"widget\" data-settings=\"{&quot;ekit_we_effect_on&quot;:&quot;none&quot;}\" data-widget_type=\"text-editor.default\">\n\t\t\t\t<div class=\"elementor-widget-container\">\n\t\t\t\t\t\t\t\t\t<p><strong>Grape varieties<\/strong> : 100% Rolle<br \/><strong>Terroir<\/strong> AOP C\u00f4tes de Provence<br \/><strong>Guard<\/strong> : Consume now or within 2 years<br \/><strong>Alcohol content<\/strong> : 12.5% Vol<\/p><p>Ultimate Provence blanc, a cuv\u00e9e emblematic of contemporary Provence, reveals the aromas of the Rolle grape, blending Menton lemon, floral notes and white pepper. Its golden-yellow color is the result of maceration in the press and a careful selection of grapes.<br \/>of the finest juices, offers a sensory experience enriched by bourbe stabulation.<\/p><p><strong>Winemaking<\/strong> Fermentation takes place at around 16-18\u00b0C, in different types of vats. Reduced aging, on lees, precedes final blending before bottling.<\/p>\t\t\t\t\t\t\t\t<\/div>\n\t\t\t\t<\/div>\n\t\t\t\t<\/div>\n\t\t<div class=\"elementor-element elementor-element-7362bb7 e-con-full e-flex e-con e-child\" data-id=\"7362bb7\" data-element_type=\"container\" data-e-type=\"container\" data-settings=\"{&quot;ekit_has_onepagescroll_dot&quot;:&quot;yes&quot;}\">\n\t\t\t\t<div class=\"elementor-element elementor-element-a5bdc25 elementor-widget elementor-widget-image\" data-id=\"a5bdc25\" data-element_type=\"widget\" data-e-type=\"widget\" data-settings=\"{&quot;ekit_we_effect_on&quot;:&quot;none&quot;}\" data-widget_type=\"image.default\">\n\t\t\t\t<div class=\"elementor-widget-container\">\n\t\t\t\t\t\t\t\t\t\t\t\t\t\t\t<img decoding=\"async\" width=\"1067\" height=\"1600\" src=\"https:\/\/www.ultimateprovence.com\/wp-content\/uploads\/2024\/03\/WineCaverns_241022_36.jpg\" class=\"attachment-full size-full wp-image-12072\" alt=\"\" srcset=\"https:\/\/www.ultimateprovence.com\/wp-content\/uploads\/2024\/03\/WineCaverns_241022_36.jpg 1067w, https:\/\/www.ultimateprovence.com\/wp-content\/uploads\/2024\/03\/WineCaverns_241022_36-200x300.jpg 200w, https:\/\/www.ultimateprovence.com\/wp-content\/uploads\/2024\/03\/WineCaverns_241022_36-683x1024.jpg 683w, https:\/\/www.ultimateprovence.com\/wp-content\/uploads\/2024\/03\/WineCaverns_241022_36-768x1152.jpg 768w, https:\/\/www.ultimateprovence.com\/wp-content\/uploads\/2024\/03\/WineCaverns_241022_36-1024x1536.jpg 1024w\" sizes=\"(max-width: 1067px) 100vw, 1067px\" \/>\t\t\t\t\t\t\t\t\t\t\t\t\t\t\t<\/div>\n\t\t\t\t<\/div>\n\t\t\t\t<div class=\"elementor-element elementor-element-bfcff2c elementor-widget elementor-widget-spacer\" data-id=\"bfcff2c\" data-element_type=\"widget\" data-e-type=\"widget\" data-settings=\"{&quot;ekit_we_effect_on&quot;:&quot;none&quot;}\" data-widget_type=\"spacer.default\">\n\t\t\t\t<div class=\"elementor-widget-container\">\n\t\t\t\t\t\t\t<div class=\"elementor-spacer\">\n\t\t\t<div class=\"elementor-spacer-inner\"><\/div>\n\t\t<\/div>\n\t\t\t\t\t\t<\/div>\n\t\t\t\t<\/div>\n\t\t\t\t<div class=\"elementor-element elementor-element-093720c elementor-widget elementor-widget-heading\" data-id=\"093720c\" data-element_type=\"widget\" data-e-type=\"widget\" data-settings=\"{&quot;ekit_we_effect_on&quot;:&quot;none&quot;}\" data-widget_type=\"heading.default\">\n\t\t\t\t<div class=\"elementor-widget-container\">\n\t\t\t\t\t<h2 class=\"elementor-heading-title elementor-size-default\">ULTIMATE PROVENCE ROUGE<\/h2>\t\t\t\t<\/div>\n\t\t\t\t<\/div>\n\t\t\t\t<div class=\"elementor-element elementor-element-5388eb2 elementor-widget elementor-widget-spacer\" data-id=\"5388eb2\" data-element_type=\"widget\" data-e-type=\"widget\" data-settings=\"{&quot;ekit_we_effect_on&quot;:&quot;none&quot;}\" data-widget_type=\"spacer.default\">\n\t\t\t\t<div class=\"elementor-widget-container\">\n\t\t\t\t\t\t\t<div class=\"elementor-spacer\">\n\t\t\t<div class=\"elementor-spacer-inner\"><\/div>\n\t\t<\/div>\n\t\t\t\t\t\t<\/div>\n\t\t\t\t<\/div>\n\t\t\t\t<div class=\"elementor-element elementor-element-a7caf3f elementor-widget elementor-widget-text-editor\" data-id=\"a7caf3f\" data-element_type=\"widget\" data-e-type=\"widget\" data-settings=\"{&quot;ekit_we_effect_on&quot;:&quot;none&quot;}\" data-widget_type=\"text-editor.default\">\n\t\t\t\t<div class=\"elementor-widget-container\">\n\t\t\t\t\t\t\t\t\t<p><strong>Grape varieties<\/strong> : 80% Syrah, 20% Cabernet-Sauvignon<br \/><strong>Terroir<\/strong> AOP C\u00f4tes de Provence<br \/><strong>Guard<\/strong> Drink now or within 3 to 5 years<br \/><strong>Alcohol content<\/strong> : 14% Vol<\/p><p>Ultimate Provence rouge is the emblematic cuv\u00e9e of an absolutely contemporary Provence. Here, Syrah and Cabernet grapes exhale fragrances of plum, blackberry and spicy notes of gray pepper. The grapes are harvested early in the morning, and quickly transported to the winery.<\/p><p><strong>Winemaking<\/strong> Fermentation at between 20 and 26\u00b0C, with regular pumping over of the marc cap, ensures gentle extraction. Fermentation lasts no more than 4 weeks, to coat the tannins, without over-extracting. Partial barrel ageing ensures greater aromatic complexity.<\/p>\t\t\t\t\t\t\t\t<\/div>\n\t\t\t\t<\/div>\n\t\t\t\t<\/div>\n\t\t<div class=\"elementor-element elementor-element-d88d957 e-con-full e-flex e-con e-child\" data-id=\"d88d957\" data-element_type=\"container\" data-e-type=\"container\" data-settings=\"{&quot;ekit_has_onepagescroll_dot&quot;:&quot;yes&quot;}\">\n\t\t\t\t<div class=\"elementor-element elementor-element-5876e4c elementor-align-left elementor-widget-laptop__width-initial elementor-widget elementor-widget-button\" data-id=\"5876e4c\" data-element_type=\"widget\" data-e-type=\"widget\" data-settings=\"{&quot;ekit_we_effect_on&quot;:&quot;none&quot;}\" data-widget_type=\"button.default\">\n\t\t\t\t<div class=\"elementor-widget-container\">\n\t\t\t\t\t\t\t\t\t<div class=\"elementor-button-wrapper\">\n\t\t\t\t\t<a class=\"elementor-button elementor-button-link elementor-size-sm\" href=\"http:\/\/C\u00f4tes%20de%20Provence%20Ultimate%20Provence%20e%20boutique.%20Vin%20C\u00f4tes%20de%20Provence%20(ultimateprovence-vin.com)\">\n\t\t\t\t\t\t<span class=\"elementor-button-content-wrapper\">\n\t\t\t\t\t\t\t\t\t<span class=\"elementor-button-text\">I order<\/span>\n\t\t\t\t\t<\/span>\n\t\t\t\t\t<\/a>\n\t\t\t\t<\/div>\n\t\t\t\t\t\t\t\t<\/div>\n\t\t\t\t<\/div>\n\t\t\t\t<\/div>\n\t\t<div class=\"elementor-element elementor-element-fcd7a30 e-con-full e-flex e-con e-child\" data-id=\"fcd7a30\" data-element_type=\"container\" data-e-type=\"container\" data-settings=\"{&quot;ekit_has_onepagescroll_dot&quot;:&quot;yes&quot;}\">\n\t\t\t\t<div class=\"elementor-element elementor-element-9da5383 elementor-align-left elementor-widget-laptop__width-initial elementor-widget elementor-widget-button\" data-id=\"9da5383\" data-element_type=\"widget\" data-e-type=\"widget\" data-settings=\"{&quot;ekit_we_effect_on&quot;:&quot;none&quot;}\" data-widget_type=\"button.default\">\n\t\t\t\t<div class=\"elementor-widget-container\">\n\t\t\t\t\t\t\t\t\t<div class=\"elementor-button-wrapper\">\n\t\t\t\t\t<a class=\"elementor-button elementor-button-link elementor-size-sm\" href=\"http:\/\/C\u00f4tes%20de%20Provence%20Ultimate%20Provence%20e%20boutique.%20Vin%20C\u00f4tes%20de%20Provence%20(ultimateprovence-vin.com)\">\n\t\t\t\t\t\t<span class=\"elementor-button-content-wrapper\">\n\t\t\t\t\t\t\t\t\t<span class=\"elementor-button-text\">I order<\/span>\n\t\t\t\t\t<\/span>\n\t\t\t\t\t<\/a>\n\t\t\t\t<\/div>\n\t\t\t\t\t\t\t\t<\/div>\n\t\t\t\t<\/div>\n\t\t\t\t<\/div>\n\t\t<div class=\"elementor-element elementor-element-5123261 e-con-full e-flex e-con e-child\" data-id=\"5123261\" data-element_type=\"container\" data-e-type=\"container\" data-settings=\"{&quot;ekit_has_onepagescroll_dot&quot;:&quot;yes&quot;}\">\n\t\t\t\t<div class=\"elementor-element elementor-element-72f9a36 elementor-align-left elementor-widget-laptop__width-initial elementor-widget elementor-widget-button\" data-id=\"72f9a36\" data-element_type=\"widget\" data-e-type=\"widget\" data-settings=\"{&quot;ekit_we_effect_on&quot;:&quot;none&quot;}\" data-widget_type=\"button.default\">\n\t\t\t\t<div class=\"elementor-widget-container\">\n\t\t\t\t\t\t\t\t\t<div class=\"elementor-button-wrapper\">\n\t\t\t\t\t<a class=\"elementor-button elementor-button-link elementor-size-sm\" href=\"http:\/\/C\u00f4tes%20de%20Provence%20Ultimate%20Provence%20e%20boutique.%20Vin%20C\u00f4tes%20de%20Provence%20(ultimateprovence-vin.com)\">\n\t\t\t\t\t\t<span class=\"elementor-button-content-wrapper\">\n\t\t\t\t\t\t\t\t\t<span class=\"elementor-button-text\">I order<\/span>\n\t\t\t\t\t<\/span>\n\t\t\t\t\t<\/a>\n\t\t\t\t<\/div>\n\t\t\t\t\t\t\t\t<\/div>\n\t\t\t\t<\/div>\n\t\t\t\t<\/div>\n\t\t\t\t\t<\/div>\n\t\t\t\t<\/div>\n\t\t\t\t<\/div>","protected":false},"excerpt":{"rendered":"<p>AOP C\u00d4TES DE PROVENCE NOS VINS D\u00e9couvrez une vision contemporaine des c\u00f4tes de &nbsp;Provence avec Ultimate Provence.&nbsp; Dans un flacon d\u2019exception, au design intemporel, &nbsp;la cuv\u00e9e Ultimate Provence &nbsp;ros\u00e9 r\u00e9v\u00e8le d\u2019une fra\u00eecheur inou\u00efe. ULTIMATE PROVENCE ROS\u00c9 C\u00e9pages : 30% Cinsault, 30% Grenache noir, 30% Syrah, 10% Rolle Terroir : AOP C\u00f4tes de ProvenceGarde : \u00c0 [&hellip;]<\/p>\n","protected":false},"author":1,"featured_media":0,"parent":36,"menu_order":0,"comment_status":"closed","ping_status":"closed","template":"","meta":{"_acf_changed":false,"footnotes":""},"class_list":["post-401","page","type-page","status-publish","hentry"],"acf":[],"_links":{"self":[{"href":"https:\/\/www.ultimateprovence.com\/en\/wp-json\/wp\/v2\/pages\/401","targetHints":{"allow":["GET"]}}],"collection":[{"href":"https:\/\/www.ultimateprovence.com\/en\/wp-json\/wp\/v2\/pages"}],"about":[{"href":"https:\/\/www.ultimateprovence.com\/en\/wp-json\/wp\/v2\/types\/page"}],"author":[{"embeddable":true,"href":"https:\/\/www.ultimateprovence.com\/en\/wp-json\/wp\/v2\/users\/1"}],"replies":[{"embeddable":true,"href":"https:\/\/www.ultimateprovence.com\/en\/wp-json\/wp\/v2\/comments?post=401"}],"version-history":[{"count":0,"href":"https:\/\/www.ultimateprovence.com\/en\/wp-json\/wp\/v2\/pages\/401\/revisions"}],"up":[{"embeddable":true,"href":"https:\/\/www.ultimateprovence.com\/en\/wp-json\/wp\/v2\/pages\/36"}],"wp:attachment":[{"href":"https:\/\/www.ultimateprovence.com\/en\/wp-json\/wp\/v2\/media?parent=401"}],"curies":[{"name":"wp","href":"https:\/\/api.w.org\/{rel}","templated":true}]}}